{"id":1849,"date":"2022-03-28T15:09:56","date_gmt":"2022-03-28T15:09:56","guid":{"rendered":"https:\/\/www.hoteloleumandujar.com\/legal-notice\/"},"modified":"2024-07-22T16:01:48","modified_gmt":"2024-07-22T16:01:48","slug":"legal-notice","status":"publish","type":"page","link":"https:\/\/www.hoteloleumandujar.com\/en\/legal-notice\/","title":{"rendered":"Legal Notice"},"content":{"rendered":"\t\t<div data-elementor-type=\"wp-page\" data-elementor-id=\"1849\" class=\"elementor elementor-1849 elementor-47\" data-elementor-post-type=\"page\">\n\t\t\t\t\t\t<section class=\"elementor-section elementor-top-section elementor-element elementor-element-fe8d2af elementor-section-height-min-height elementor-section-boxed elementor-section-height-default elementor-section-items-middle\" data-id=\"fe8d2af\" data-element_type=\"section\" data-e-type=\"section\" data-settings=\"{&quot;background_background&quot;:&quot;classic&quot;}\">\n\t\t\t\t\t\t\t<div class=\"elementor-background-overlay\"><\/div>\n\t\t\t\t\t\t\t<div class=\"elementor-container elementor-column-gap-default\">\n\t\t\t\t\t<div class=\"elementor-column elementor-col-100 elementor-top-column elementor-element elementor-element-5d3fa73\" data-id=\"5d3fa73\" data-element_type=\"column\" data-e-type=\"column\">\n\t\t\t<div class=\"elementor-widget-wrap elementor-element-populated\">\n\t\t\t\t\t\t\t<\/div>\n\t\t<\/div>\n\t\t\t\t\t<\/div>\n\t\t<\/section>\n\t\t\t\t<section class=\"elementor-section elementor-top-section elementor-element elementor-element-5de1d72 elementor-section-boxed elementor-section-height-default elementor-section-height-default\" data-id=\"5de1d72\" data-element_type=\"section\" data-e-type=\"section\">\n\t\t\t\t\t\t<div class=\"elementor-container elementor-column-gap-default\">\n\t\t\t\t\t<div class=\"elementor-column elementor-col-100 elementor-top-column elementor-element elementor-element-1277341\" data-id=\"1277341\" data-element_type=\"column\" data-e-type=\"column\">\n\t\t\t<div class=\"elementor-widget-wrap elementor-element-populated\">\n\t\t\t\t\t\t<div class=\"elementor-element elementor-element-78096c7 elementor-widget elementor-widget-text-editor\" data-id=\"78096c7\" data-element_type=\"widget\" data-e-type=\"widget\" data-widget_type=\"text-editor.default\">\n\t\t\t\t<div class=\"elementor-widget-container\">\n\t\t\t\t\t\t\t\t\t<p class=\"margen-izquierdo-10 margen-derecho-10 text-justify\">El acceso a la presente web atribuye la condici\u00f3n de USUARIO e implica la aceptaci\u00f3n plena y sin reserva, desde dicho acceso y\/o uso, de la presente nota legal y de la pol\u00edtica de privacidad en su \u00faltima versi\u00f3n, sin perjuicio de las Condiciones Generales de la Contrataci\u00f3n que, en su caso, resulten de obligatorio cumplimiento. Por ello, aconsejamos que proceda a la lectura de estos documentos, antes de utilizar las funcionalidades ofrecidas por este sitio Web, as\u00ed como cada vez que acceda a \u00e9l, ya que nos reservamos el derecho de cambiar, modificar, a\u00f1adir o eliminar en cualquier momento parte de estas condiciones.<\/p>\n<p>El mero acceso a esta Web no supone en ning\u00fan caso la existencia de una relaci\u00f3n comercial entre el usuario y la web.<\/p>\n<h3 class=\"dorado margen-izquierdo-10 margen-derecho-10 text-left\">I. Titular de la web<\/h3>\n<p class=\"margen-izquierdo-10 margen-derecho-10 text-left\">A los efectos de lo previsto por el Art. 10 de la Ley 34\/ 2002, de 11 de julio, de Servicios de la Sociedad de la Informaci\u00f3n y de Comercio Electr\u00f3nico, se proporciona la siguiente informaci\u00f3n sobre la titular de esta Web:<\/p>\n<p class=\"margen-izquierdo-10 margen-derecho-10 text-left\">-Titular de la Web: OLEUM HOTEL<br \/>-Domicilio social:<br \/>-C.I.F.<br \/>-Datos registrales: Inscrita en el registro Mercantil de , Tomo 32.176, Folio 61, Secci\u00f3n 8, Hoja M-579043, Inscripci\u00f3n 1\u00aa<br \/>Adem\u00e1s del domicilio social, se pone a disposici\u00f3n de los usuarios los siguientes canales para dirigir sus peticiones, cuestiones o reclamaciones:<br \/>-Formulario de contacto de la web<br \/>-Email:info@oleumhotel.com<br \/>-Tel: +34 911 222 333<\/p>\n<\/p>\n<h3 class=\"dorado margen-izquierdo-10 margen-derecho-10 text-left\">II. Condiciones de uso<\/h3>\n<p class=\"margen-izquierdo-10 margen-derecho-10 padding-bot-100 text-left\">1. Introducci\u00f3n. Esta p\u00e1gina web proporciona informaci\u00f3n sobre el HOTEL, pudiendo los usuarios enviar consultas, as\u00ed como solicitar y formalizar reservas directamente a trav\u00e9s de una plataforma de reservas on-line. Accediendo y utilizando esta p\u00e1gina web, usted acuerda obligarse a las condiciones que a continuaci\u00f3n se exponen, por lo que se le recomienda que lea cuidadosamente esta secci\u00f3n antes de iniciar su navegaci\u00f3n.<\/p>\n<p>2. Obligaciones de los Usuarios. Los Usuarios se comprometen a utilizar esta Web de forma l\u00edcita, de acuerdo con lo dispuesto en las presentes condiciones y de forma que no produzcan un perjuicio en los derechos o intereses de HOTEL o de terceros. A t\u00edtulo enunciativo y en ning\u00fan caso limitativo o excluyente, el Usuario se compromete igualmente a:<br \/>-No incurrir en actividades ilegales o contrarias al orden p\u00fablico o a la buena fe;<br \/>-No utilizar los datos publicados en la Web para el env\u00edo de comunicaciones no solicitadas (spam).<br \/>-No introducir o difundir en la web informaci\u00f3n o contenidos falsos, enga\u00f1osos, ambiguos o inexactos de forma que induzcan a error a los receptores de la informaci\u00f3n, ni tampoco difundir contenidos de car\u00e1cter racista, xen\u00f3fobo, pornogr\u00e1fico, de apolog\u00eda del terrorismo o atentatorio contra los derechos humanos o de los menores;<br \/>-No realizar acciones que supongan o conlleven una violaci\u00f3n de los derechos de propiedad intelectual HOTEL o de terceros;<br \/>-No provocar da\u00f1os en los sistemas f\u00edsicos y l\u00f3gicos de HOTEL, de sus proveedores o de terceras personas;<br \/>-No introducir o difundir en la red virus inform\u00e1ticos o utilizar cualesquiera otros sistemas f\u00edsicos o l\u00f3gicos que sean susceptibles de provocar los da\u00f1os anteriormente mencionados.<br \/>-No suprimir, alterar, eludir o manipular cualquier dispositivo de protecci\u00f3n o sistema de seguridad que estuviera instalado en las p\u00e1ginas de esta Web.<\/p>\n<p>3. Exclusi\u00f3n de responsabilidad. Esta Web se proporciona \u201ctal como est\u00e1\u201d y su uso se realiza bajo el propio riesgo del Usuario, por lo que, ni HOTEL, ni sus administradores, trabajadores, proveedores o colaboradores ser\u00e1n responsables por los da\u00f1os, de cualquier naturaleza, directos o no, que deriven del uso de la Web, excluyendo expresamente HOTEL, en toda la medida prevista por la Ley, cualquier tipo de garant\u00edas, ya sean expresas o impl\u00edcitas.<br \/>HOTEL no garantiza la disponibilidad y accesibilidad de la Web, si bien realizar\u00e1 todos los esfuerzos que sean razonables en este sentido. En ocasiones, podr\u00e1n producirse interrupciones por el tiempo que resulte necesario para la realizaci\u00f3n de las correspondientes operaciones de mantenimiento.<br \/>HOTEL no se responsabiliza de posibles da\u00f1os derivados de interferencias, interrupciones, virus inform\u00e1ticos, aver\u00edas telef\u00f3nicas o desconexiones telef\u00f3nicas motivadas por causas ajenas a la citada entidad; de retrasos o bloqueos en el uso del presente sistema electr\u00f3nico causados por deficiencias o sobrecargas en el centro procesador de datos, de l\u00edneas telef\u00f3nicas, en el sistema de Internet o en otros sistemas el\u00e9ctricos; ni tampoco de cualquier otra alteraci\u00f3n que se pueda producir en el Software o Hardware de los Usuarios. Tampoco garantiza la ausencia de virus, malwares, troyanos u otros elementos que puedan producir alteraciones en el sistema inform\u00e1tico, documentos o ficheros del Usuario, excluyendo cualquier responsabilidad por los da\u00f1os de cualquier clase causados al Usuario por este motivo. De igual manera, HOTEL no responder\u00e1 por los da\u00f1os causados por terceras personas mediante intromisiones ileg\u00edtimas fuera de su control.<br \/>Tampoco responder\u00e1 de los da\u00f1os y perjuicios causados por el uso o mala utilizaci\u00f3n de los contenidos de la Web, ni por las consecuencias que pudieran derivarse de los errores, defectos u omisiones en los contenidos que pudieran aparecer en esta Web proporcionados por los propios Usuarios u otros terceros. HOTEL no asume obligaci\u00f3n ni responsabilidad alguna respecto de aquellos servicios que no preste directamente.<\/p>\n<p>4. Enlaces externos. En ning\u00fan caso HOTEL asumir\u00e1 responsabilidad alguna por los contenidos de los enlaces pertenecientes a un sitio web ajeno, ni garantizar\u00e1 la disponibilidad t\u00e9cnica, calidad, fiabilidad, exactitud, amplitud, veracidad, validez y legalidad de cualquier material o informaci\u00f3n contenida en ninguno de dichos hiperv\u00ednculos u otros sitios de Internet. Igualmente, la inclusi\u00f3n de estas conexiones externas no implicar\u00e1 ning\u00fan tipo de asociaci\u00f3n, fusi\u00f3n o participaci\u00f3n con las entidades conectadas.<\/p>\n<p>5. Denegaci\u00f3n de acceso. HOTEL se reserva el derecho de denegar el acceso a la Web a aquellos Usuarios que incumplan las presentes condiciones; en caso de problemas t\u00e9cnicos o de seguridad imprevistos; o en cumplimiento de un requerimiento y\/o de una orden policial, judicial o administrativa.<br \/>Dicha cancelaci\u00f3n o suspensi\u00f3n se realizar\u00e1 a exclusiva discreci\u00f3n de HOTEL y no dar\u00e1 lugar a ning\u00fan tipo de indemnizaci\u00f3n.<\/p>\n<p>6. Tratamiento de datos personales. Los Usuarios consienten el tratamiento de sus datos personales con el alcance y en los t\u00e9rminos que se indican en nuestra pol\u00edtica de privacidad, la cual est\u00e1 disponible en la home page de la Web, quedando asimismo dicha pol\u00edtica incorporada a las presentes condiciones por referencia. En dicha pol\u00edtica, los Usuarios encontrar\u00e1n informaci\u00f3n sobre la manera de ejercitar sus derechos de acceso, cancelaci\u00f3n y rectificaci\u00f3n de su informaci\u00f3n personal, as\u00ed como el de oposici\u00f3n a su tratamiento.<\/p>\n<p>7. Propiedad intelectual y derechos de autor. Sin perjuicio de los contenidos sobre los cuales terceros ostentasen derechos intelectuales, los derechos de propiedad intelectual de la Web, el nombre de dominio, su c\u00f3digo fuente, dise\u00f1o y estructura de navegaci\u00f3n y elementos en ella contenidos (a t\u00edtulo enunciativo, im\u00e1genes, sonido, audio, v\u00eddeo, software, o textos; marcas o logotipos, combinaciones de colores, estructura y dise\u00f1o, etc.) son titularidad de HOTEL , a quien corresponde el ejercicio exclusivo de los derechos de explotaci\u00f3n de los mismos en cualquier forma, y, en especial los derechos de reproducci\u00f3n, distribuci\u00f3n, comunicaci\u00f3n p\u00fablica y transformaci\u00f3n, conforme a lo previsto por la vigente Ley de Propiedad Intelectual. Quedan expresamente prohibidas la reproducci\u00f3n, distribuci\u00f3n y la comunicaci\u00f3n p\u00fablica, incluida su modalidad de puesta a disposici\u00f3n, de la totalidad o parte de los contenidos de esta web en cualquier soporte y por cualquier medio t\u00e9cnico, sin la autorizaci\u00f3n de HOTEL o, en su caso, de los terceros que ostenten los derechos de propiedad intelectual o de autor sobre los contenidos afectados. No obstante lo anterior, el usuario de la web podr\u00e1 visualizar los elementos de esta Web e incluso imprimirlos, copiarlos y almacenarlos en el disco duro de su ordenador o en cualquier otro soporte f\u00edsico siempre y cuando sea, \u00fanica y exclusivamente, para su uso personal y privado. Aquellas entidades o personas que, previa autorizaci\u00f3n del titular de esta web, pretendan establecer un enlace con ella, deber\u00e1n garantizar que \u00fanicamente permite el acceso a esta Web o servicio pero que no realiza reproducci\u00f3n de sus contenidos y servicios.<\/p>\n<p>8. Nulidad de las cl\u00e1usulas. En caso de que una cl\u00e1usula de las presentes condiciones de uso fuese declarada nula, s\u00f3lo afectar\u00e1 a dicha disposici\u00f3n o a aquella parte que as\u00ed haya sido declarada, subsistiendo las condiciones en todo lo dem\u00e1s y teni\u00e9ndose tal disposici\u00f3n, o la parte afectada, por no puesta.<\/p>\n<p>9. Aceptaci\u00f3n. El acceso a la Web y su utilizaci\u00f3n implican necesariamente que todas y cada una de las presentes condiciones de uso son expresamente aceptadas por usted.<\/p>\n<p>10. Ley y jurisdicci\u00f3n aplicables. Sin perjuicio de los derechos reconocidos a los consumidores por el Real Decreto Legislativo 1\/2007, de 16 de noviembre, la presente web se regir\u00e1 por la ley espa\u00f1ola con exclusi\u00f3n de sus reglas de conicto de ley y cualquier controversia que pudiera derivarse de su utilizaci\u00f3n o de los servicios vinculados a la misma se someter\u00e1 a la jurisdicci\u00f3n de los Juzgados y Tribunales competentes atendiendo al domicilio de la titular de la web, renunciando expresamente los usuarios a su fuero propio si lo tuvieran. La Comisi\u00f3n Europea facilita una plataforma de resoluci\u00f3n de litigios en l\u00ednea dirigida a los consumidores, pudiendo estos acceder a la misma mediante el siguiente enlace: https:\/\/w Versi\u00f3n 1.0 \u2013 2021<\/p>\n\t\t\t\t\t\t\t\t<\/div>\n\t\t\t\t<\/div>\n\t\t\t\t<div class=\"elementor-element elementor-element-bc1a531 elementor-widget-divider--view-line elementor-widget elementor-widget-divider\" data-id=\"bc1a531\" data-element_type=\"widget\" data-e-type=\"widget\" data-widget_type=\"divider.default\">\n\t\t\t\t<div class=\"elementor-widget-container\">\n\t\t\t\t\t\t\t<div class=\"elementor-divider\">\n\t\t\t<span class=\"elementor-divider-separator\">\n\t\t\t\t\t\t<\/span>\n\t\t<\/div>\n\t\t\t\t\t\t<\/div>\n\t\t\t\t<\/div>\n\t\t\t\t\t<\/div>\n\t\t<\/div>\n\t\t\t\t\t<\/div>\n\t\t<\/section>\n\t\t\t\t<\/div>\n\t\t","protected":false},"excerpt":{"rendered":"<p>El acceso a la presente web atribuye la condici\u00f3n de USUARIO e implica la aceptaci\u00f3n plena y sin reserva, desde dicho acceso y\/o uso, de la presente nota legal y de la pol\u00edtica de privacidad en su \u00faltima versi\u00f3n, sin perjuicio de las Condiciones Generales de la Contrataci\u00f3n que, en su caso, resulten de obligatorio [&hellip;]<\/p>\n","protected":false},"author":1,"featured_media":0,"parent":0,"menu_order":0,"comment_status":"closed","ping_status":"closed","template":"elementor_header_footer","meta":{"footnotes":""},"class_list":["post-1849","page","type-page","status-publish","hentry"],"yoast_head":"<!-- This site is optimized with the Yoast SEO plugin v27.5 - https:\/\/yoast.com\/product\/yoast-seo-wordpress\/ -->\n<title>Legal Notice | Hotel Oleum And\u00fajar<\/title>\n<meta name=\"robots\" content=\"noindex, follow\" \/>\n<meta property=\"og:locale\" content=\"en_US\" \/>\n<meta property=\"og:type\" content=\"article\" \/>\n<meta property=\"og:title\" content=\"Legal Notice | Hotel Oleum And\u00fajar\" \/>\n<meta property=\"og:description\" content=\"El acceso a la presente web atribuye la condici\u00f3n de USUARIO e implica la aceptaci\u00f3n plena y sin reserva, desde dicho acceso y\/o uso, de la presente nota legal y de la pol\u00edtica de privacidad en su \u00faltima versi\u00f3n, sin perjuicio de las Condiciones Generales de la Contrataci\u00f3n que, en su caso, resulten de obligatorio [&hellip;]\" \/>\n<meta property=\"og:url\" content=\"https:\/\/www.hoteloleumandujar.com\/en\/legal-notice\/\" \/>\n<meta property=\"og:site_name\" content=\"Hotel Oleum And\u00fajar\" \/>\n<meta property=\"article:modified_time\" content=\"2024-07-22T16:01:48+00:00\" \/>\n<meta name=\"twitter:card\" content=\"summary_large_image\" \/>\n<meta name=\"twitter:label1\" content=\"Est. reading time\" \/>\n\t<meta name=\"twitter:data1\" content=\"8 minutes\" \/>\n<script type=\"application\/ld+json\" class=\"yoast-schema-graph\">{\"@context\":\"https:\\\/\\\/schema.org\",\"@graph\":[{\"@type\":\"WebPage\",\"@id\":\"https:\\\/\\\/www.hoteloleumandujar.com\\\/en\\\/legal-notice\\\/\",\"url\":\"https:\\\/\\\/www.hoteloleumandujar.com\\\/en\\\/legal-notice\\\/\",\"name\":\"Legal Notice | Hotel Oleum And\u00fajar\",\"isPartOf\":{\"@id\":\"https:\\\/\\\/www.hoteloleumandujar.com\\\/en\\\/#website\"},\"datePublished\":\"2022-03-28T15:09:56+00:00\",\"dateModified\":\"2024-07-22T16:01:48+00:00\",\"breadcrumb\":{\"@id\":\"https:\\\/\\\/www.hoteloleumandujar.com\\\/en\\\/legal-notice\\\/#breadcrumb\"},\"inLanguage\":\"en-US\",\"potentialAction\":[{\"@type\":\"ReadAction\",\"target\":[\"https:\\\/\\\/www.hoteloleumandujar.com\\\/en\\\/legal-notice\\\/\"]}]},{\"@type\":\"BreadcrumbList\",\"@id\":\"https:\\\/\\\/www.hoteloleumandujar.com\\\/en\\\/legal-notice\\\/#breadcrumb\",\"itemListElement\":[{\"@type\":\"ListItem\",\"position\":1,\"name\":\"Portada\",\"item\":\"https:\\\/\\\/www.hoteloleumandujar.com\\\/en\\\/\"},{\"@type\":\"ListItem\",\"position\":2,\"name\":\"Legal Notice\"}]},{\"@type\":\"WebSite\",\"@id\":\"https:\\\/\\\/www.hoteloleumandujar.com\\\/en\\\/#website\",\"url\":\"https:\\\/\\\/www.hoteloleumandujar.com\\\/en\\\/\",\"name\":\"Hotel Oleum And\u00fajar\",\"description\":\"Hotel con encanto en el coraz\u00f3n de Andujar\",\"publisher\":{\"@id\":\"https:\\\/\\\/www.hoteloleumandujar.com\\\/en\\\/#organization\"},\"potentialAction\":[{\"@type\":\"SearchAction\",\"target\":{\"@type\":\"EntryPoint\",\"urlTemplate\":\"https:\\\/\\\/www.hoteloleumandujar.com\\\/en\\\/?s={search_term_string}\"},\"query-input\":{\"@type\":\"PropertyValueSpecification\",\"valueRequired\":true,\"valueName\":\"search_term_string\"}}],\"inLanguage\":\"en-US\"},{\"@type\":\"Organization\",\"@id\":\"https:\\\/\\\/www.hoteloleumandujar.com\\\/en\\\/#organization\",\"name\":\"Hotel Oleum Andujar\",\"url\":\"https:\\\/\\\/www.hoteloleumandujar.com\\\/en\\\/\",\"logo\":{\"@type\":\"ImageObject\",\"inLanguage\":\"en-US\",\"@id\":\"https:\\\/\\\/www.hoteloleumandujar.com\\\/en\\\/#\\\/schema\\\/logo\\\/image\\\/\",\"url\":\"https:\\\/\\\/www.hoteloleumandujar.com\\\/wp-content\\\/uploads\\\/2022\\\/04\\\/Logo-Hotel-Oleum-Andujar.jpg\",\"contentUrl\":\"https:\\\/\\\/www.hoteloleumandujar.com\\\/wp-content\\\/uploads\\\/2022\\\/04\\\/Logo-Hotel-Oleum-Andujar.jpg\",\"width\":1532,\"height\":1532,\"caption\":\"Hotel Oleum Andujar\"},\"image\":{\"@id\":\"https:\\\/\\\/www.hoteloleumandujar.com\\\/en\\\/#\\\/schema\\\/logo\\\/image\\\/\"}}]}<\/script>\n<!-- \/ Yoast SEO plugin. -->","yoast_head_json":{"title":"Legal Notice | Hotel Oleum And\u00fajar","robots":{"index":"noindex","follow":"follow"},"og_locale":"en_US","og_type":"article","og_title":"Legal Notice | Hotel Oleum And\u00fajar","og_description":"El acceso a la presente web atribuye la condici\u00f3n de USUARIO e implica la aceptaci\u00f3n plena y sin reserva, desde dicho acceso y\/o uso, de la presente nota legal y de la pol\u00edtica de privacidad en su \u00faltima versi\u00f3n, sin perjuicio de las Condiciones Generales de la Contrataci\u00f3n que, en su caso, resulten de obligatorio [&hellip;]","og_url":"https:\/\/www.hoteloleumandujar.com\/en\/legal-notice\/","og_site_name":"Hotel Oleum And\u00fajar","article_modified_time":"2024-07-22T16:01:48+00:00","twitter_card":"summary_large_image","twitter_misc":{"Est. reading time":"8 minutes"},"schema":{"@context":"https:\/\/schema.org","@graph":[{"@type":"WebPage","@id":"https:\/\/www.hoteloleumandujar.com\/en\/legal-notice\/","url":"https:\/\/www.hoteloleumandujar.com\/en\/legal-notice\/","name":"Legal Notice | Hotel Oleum And\u00fajar","isPartOf":{"@id":"https:\/\/www.hoteloleumandujar.com\/en\/#website"},"datePublished":"2022-03-28T15:09:56+00:00","dateModified":"2024-07-22T16:01:48+00:00","breadcrumb":{"@id":"https:\/\/www.hoteloleumandujar.com\/en\/legal-notice\/#breadcrumb"},"inLanguage":"en-US","potentialAction":[{"@type":"ReadAction","target":["https:\/\/www.hoteloleumandujar.com\/en\/legal-notice\/"]}]},{"@type":"BreadcrumbList","@id":"https:\/\/www.hoteloleumandujar.com\/en\/legal-notice\/#breadcrumb","itemListElement":[{"@type":"ListItem","position":1,"name":"Portada","item":"https:\/\/www.hoteloleumandujar.com\/en\/"},{"@type":"ListItem","position":2,"name":"Legal Notice"}]},{"@type":"WebSite","@id":"https:\/\/www.hoteloleumandujar.com\/en\/#website","url":"https:\/\/www.hoteloleumandujar.com\/en\/","name":"Hotel Oleum And\u00fajar","description":"Hotel con encanto en el coraz\u00f3n de Andujar","publisher":{"@id":"https:\/\/www.hoteloleumandujar.com\/en\/#organization"},"potentialAction":[{"@type":"SearchAction","target":{"@type":"EntryPoint","urlTemplate":"https:\/\/www.hoteloleumandujar.com\/en\/?s={search_term_string}"},"query-input":{"@type":"PropertyValueSpecification","valueRequired":true,"valueName":"search_term_string"}}],"inLanguage":"en-US"},{"@type":"Organization","@id":"https:\/\/www.hoteloleumandujar.com\/en\/#organization","name":"Hotel Oleum Andujar","url":"https:\/\/www.hoteloleumandujar.com\/en\/","logo":{"@type":"ImageObject","inLanguage":"en-US","@id":"https:\/\/www.hoteloleumandujar.com\/en\/#\/schema\/logo\/image\/","url":"https:\/\/www.hoteloleumandujar.com\/wp-content\/uploads\/2022\/04\/Logo-Hotel-Oleum-Andujar.jpg","contentUrl":"https:\/\/www.hoteloleumandujar.com\/wp-content\/uploads\/2022\/04\/Logo-Hotel-Oleum-Andujar.jpg","width":1532,"height":1532,"caption":"Hotel Oleum Andujar"},"image":{"@id":"https:\/\/www.hoteloleumandujar.com\/en\/#\/schema\/logo\/image\/"}}]}},"_links":{"self":[{"href":"https:\/\/www.hoteloleumandujar.com\/en\/wp-json\/wp\/v2\/pages\/1849","targetHints":{"allow":["GET"]}}],"collection":[{"href":"https:\/\/www.hoteloleumandujar.com\/en\/wp-json\/wp\/v2\/pages"}],"about":[{"href":"https:\/\/www.hoteloleumandujar.com\/en\/wp-json\/wp\/v2\/types\/page"}],"author":[{"embeddable":true,"href":"https:\/\/www.hoteloleumandujar.com\/en\/wp-json\/wp\/v2\/users\/1"}],"replies":[{"embeddable":true,"href":"https:\/\/www.hoteloleumandujar.com\/en\/wp-json\/wp\/v2\/comments?post=1849"}],"version-history":[{"count":4,"href":"https:\/\/www.hoteloleumandujar.com\/en\/wp-json\/wp\/v2\/pages\/1849\/revisions"}],"predecessor-version":[{"id":2007,"href":"https:\/\/www.hoteloleumandujar.com\/en\/wp-json\/wp\/v2\/pages\/1849\/revisions\/2007"}],"wp:attachment":[{"href":"https:\/\/www.hoteloleumandujar.com\/en\/wp-json\/wp\/v2\/media?parent=1849"}],"curies":[{"name":"wp","href":"https:\/\/api.w.org\/{rel}","templated":true}]}}