{"id":1853,"date":"2022-03-28T15:10:10","date_gmt":"2022-03-28T15:10:10","guid":{"rendered":"https:\/\/www.hoteloleumandujar.com\/politica-de-privacidad\/"},"modified":"2024-07-22T16:03:14","modified_gmt":"2024-07-22T16:03:14","slug":"politica-de-privacidad","status":"publish","type":"page","link":"https:\/\/www.hoteloleumandujar.com\/en\/politica-de-privacidad\/","title":{"rendered":"Pol\u00edtica de privacidad"},"content":{"rendered":"\t\t<div data-elementor-type=\"wp-page\" data-elementor-id=\"1853\" class=\"elementor elementor-1853 elementor-49\" data-elementor-post-type=\"page\">\n\t\t\t\t\t\t<section class=\"elementor-section elementor-top-section elementor-element elementor-element-7d5e4a8 elementor-section-height-min-height elementor-section-boxed elementor-section-height-default elementor-section-items-middle\" data-id=\"7d5e4a8\" data-element_type=\"section\" data-e-type=\"section\" data-settings=\"{&quot;background_background&quot;:&quot;classic&quot;}\">\n\t\t\t\t\t\t\t<div class=\"elementor-background-overlay\"><\/div>\n\t\t\t\t\t\t\t<div class=\"elementor-container elementor-column-gap-default\">\n\t\t\t\t\t<div class=\"elementor-column elementor-col-100 elementor-top-column elementor-element elementor-element-f522c46\" data-id=\"f522c46\" data-element_type=\"column\" data-e-type=\"column\">\n\t\t\t<div class=\"elementor-widget-wrap elementor-element-populated\">\n\t\t\t\t\t\t\t<\/div>\n\t\t<\/div>\n\t\t\t\t\t<\/div>\n\t\t<\/section>\n\t\t\t\t<section class=\"elementor-section elementor-top-section elementor-element elementor-element-4f5de61 elementor-section-boxed elementor-section-height-default elementor-section-height-default\" data-id=\"4f5de61\" data-element_type=\"section\" data-e-type=\"section\">\n\t\t\t\t\t\t<div class=\"elementor-container elementor-column-gap-default\">\n\t\t\t\t\t<div class=\"elementor-column elementor-col-100 elementor-top-column elementor-element elementor-element-40f4c0e\" data-id=\"40f4c0e\" data-element_type=\"column\" data-e-type=\"column\">\n\t\t\t<div class=\"elementor-widget-wrap elementor-element-populated\">\n\t\t\t\t\t\t<div class=\"elementor-element elementor-element-b969f36 elementor-widget elementor-widget-text-editor\" data-id=\"b969f36\" data-element_type=\"widget\" data-e-type=\"widget\" data-widget_type=\"text-editor.default\">\n\t\t\t\t<div class=\"elementor-widget-container\">\n\t\t\t\t\t\t\t\t\t<p class=\"margen-izquierdo-10 margen-derecho-10\">Esta pol\u00edtica de privacidad se aplica a la web www.oleumhotel.com Por favor, l\u00e9ala detenidamente. En ella encontrar\u00e1 informaci\u00f3n importante sobre el tratamiento de sus datos personales y los derechos que le reconoce la normativa vigente en la materia. Nos reservamos el derecho de actualizar nuestra pol\u00edtica de privacidad en cualquier momento con motivo de decisiones empresariales, as\u00ed como para cumplir con eventuales cambios legislativos o jurisprudenciales. Si tiene dudas o necesita cualquier aclaraci\u00f3n respecto a nuestra Pol\u00edtica de privacidad o a sus derechos, puede contactar con nosotros a trav\u00e9s de los canales que se indican m\u00e1s abajo. Ud. maniesta que los datos que nos facilite, ahora o en el futuro, son correctos y veraces y se compromete a comunicarnos cualquier modicaci\u00f3n de los mismos. En caso de proporcionar datos de car\u00e1cter personal de terceros, se compromete a obtener el consentimiento previo de los afectados y a informarles acerca del contenido de esta pol\u00edtica. De manera general, los campos de nuestros formularios que son se\u00f1alados como obligatorios, deber\u00e1n necesariamente ser cumplimentados para poder tramitar sus solicitudes.<\/p>\n<p class=\"margen-izquierdo-10 margen-derecho-10 padding-bot-100\"><span class=\"dorado\">1.\u00bfQui\u00e9n es el responsable del tratamiento de sus datos?<\/span><br \/>El responsable del tratamiento de los datos personales recogidos en esta web es:<\/p>\n<p>Responsable: OLEUM HOTEL (en adelante, el HOTEL)<br \/>Altozano Serrano Plato 4 \u2013 23740 And\u00fajar, Ja\u00e9n<br \/>900 111 000<br \/>info@oleumhotel.com<\/p>\n<p><span class=\"dorado\">2.\u00bfPara qu\u00e9 trataremos sus datos?<\/span><br \/>Los datos de nuestros usuarios ser\u00e1n tratados para la gesti\u00f3n de la relaci\u00f3n con ellos, para la tramitaci\u00f3n y el seguimiento comercial de sus reservas, la prestaci\u00f3n de los servicios solicitados, la atenci\u00f3n a sus solicitudes y consultas, la administraci\u00f3n y la gesti\u00f3n de la seguridad de la web y el cumplimiento de nuestras obligaciones legales. Dichos datos ser\u00e1n igualmente tratados para nes de anal\u00edticas y de mejora de la calidad de nuestros servicios. Asimismo, trataremos sus datos para el env\u00edo de comunicaciones comerciales.<\/p>\n<p><span class=\"dorado\">3.\u00bfCu\u00e1nto tiempo conservaremos sus datos?<\/span><br \/>De manera general conservamos sus datos durante la vigencia de la relaci\u00f3n que mantiene con nosotros y en todo caso durante los plazos previstos en las disposiciones legales aplicables, por ejemplo, en materia contable y scal, y durante el tiempo necesario para atender a posibles responsabilidades nacidas del tratamiento. Cancelaremos sus datos cuando hayan dejado de ser necesarios o pertinentes para las nalidades para las cuales fueron recabados. Se cancelar\u00e1 la informaci\u00f3n relacionada con la navegaci\u00f3n, una vez nalizada la conexi\u00f3n web y realizadas las estad\u00edsticas. Los datos tratados con nes comerciales se conservar\u00e1n vigentes mientras no solicite su supresi\u00f3n.<\/p>\n<p><span class=\"dorado\">4.\u00bfA qui\u00e9n podemos comunicar sus datos?<\/span><br \/>Sus datos s\u00f3lo ser\u00e1n comunicados a terceros por obligaci\u00f3n legal, con su consentimiento o cuando su petici\u00f3n implique tal comunicaci\u00f3n. <span class=\"dorado\">5.Base jur\u00eddica de los tratamientos.<\/span><br \/>La base para el tratamiento de sus datos es la gesti\u00f3n de la relaci\u00f3n jur\u00eddica que se establece con Ud., la prestaci\u00f3n de los servicios solicitados o contratados y el cumplimiento de obligaciones legales, especialmente de la normativa aplicable en materia contable, scal y tur\u00edstica.<\/p>\n<p>La gesti\u00f3n de la seguridad de la Web y de la Plataformas de Reservas se basa en la existencia de un inter\u00e9s leg\u00edtimo. La realizaci\u00f3n de estad\u00edsticas y control de calidad y reputaci\u00f3n, el seguimiento comercial de sus peticiones y el env\u00edo de comunicaciones comerciales se basan en nuestro inter\u00e9s leg\u00edtimo para nes administrativos internos, as\u00ed como en evaluar y promocionar nuestros servicios.<br \/>La remisi\u00f3n de comunicaciones comerciales por medios electr\u00f3nicos se basa en el consentimiento del interesado.<\/p>\n<p><span class=\"dorado\">6.\u00bfCu\u00e1les son sus derechos?<\/span><br \/>Tiene derecho a obtener conrmaci\u00f3n de si estamos tratando o no sus datos personales y, en tal caso, acceder a los mismos. Puede igualmente pedir que sus datos sean recticados cuando sean inexactos o a que se completen los datos que sean incompletos, as\u00ed como solicitar su supresi\u00f3n cuando, entre otros motivos, los datos ya no sean necesarios para los nes para los que fueron recogidos.<br \/>En determinadas circunstancias, podr\u00e1 solicitar la limitaci\u00f3n del tratamiento de sus datos. En tal caso, s\u00f3lo trataremos los datos afectados para la formulaci\u00f3n, el ejercicio o la defensa de reclamaciones o con miras a la protecci\u00f3n de los derechos de otras personas. En determinadas condiciones y por motivos relacionados con su situaci\u00f3n particular, podr\u00e1 igualmente oponerse al tratamiento de sus datos. En este caso, dejaremos de tratar los datos salvo por motivos leg\u00edtimos imperiosos que prevalezcan sobre sus intereses o derechos y libertades, o para la formulaci\u00f3n, el ejercicio o la defensa de reclamaciones. As\u00ed mismo y bajo ciertas condiciones podr\u00e1 solicitar la portabilidad de sus datos para que sean transmitidos a otro responsable del tratamiento.<\/p>\n<p>Puede revocar el consentimiento que hubiese prestado para determinadas nalidades, sin que ello afecte a la licitud del tratamiento basado en el consentimiento previo a su retirada, y presentar una reclamaci\u00f3n ante la Agencia Espa\u00f1ola de Protecci\u00f3n de Datos. Para solicitar su baja de los tratamientos con nes comerciales puede enviar un email a la siguiente direcci\u00f3n de correo electr\u00f3nico:<br \/><a class=\"dorado\" href=\"mailto:info@oleumhotel.com?Subject=Contacto\">info@oleumhotel.com<\/a><\/p>\n<p>Para ejercer sus derechos deber\u00e1 remitirnos una solicitud acompa\u00f1ada de una copia de su documento nacional de identidad u otro documento v\u00e1lido que le identique por correo postal o electr\u00f3nico a las direcciones indicadas en el apartado<\/p>\n<p>\u00bfQui\u00e9n es el responsable del tratamiento de sus datos?<br \/>Podr\u00e1 obtener m\u00e1s informaci\u00f3n sobre sus derechos y c\u00f3mo ejercerlos en la p\u00e1gina de la Agencia Espa\u00f1ola de Protecci\u00f3n de Datos en http:\/\/www.agpd.es.<\/p>\n\t\t\t\t\t\t\t\t<\/div>\n\t\t\t\t<\/div>\n\t\t\t\t<div class=\"elementor-element elementor-element-acc5a7c elementor-widget-divider--view-line elementor-widget elementor-widget-divider\" data-id=\"acc5a7c\" data-element_type=\"widget\" data-e-type=\"widget\" data-widget_type=\"divider.default\">\n\t\t\t\t<div class=\"elementor-widget-container\">\n\t\t\t\t\t\t\t<div class=\"elementor-divider\">\n\t\t\t<span class=\"elementor-divider-separator\">\n\t\t\t\t\t\t<\/span>\n\t\t<\/div>\n\t\t\t\t\t\t<\/div>\n\t\t\t\t<\/div>\n\t\t\t\t\t<\/div>\n\t\t<\/div>\n\t\t\t\t\t<\/div>\n\t\t<\/section>\n\t\t\t\t<\/div>\n\t\t","protected":false},"excerpt":{"rendered":"<p>Esta pol\u00edtica de privacidad se aplica a la web www.oleumhotel.com Por favor, l\u00e9ala detenidamente. En ella encontrar\u00e1 informaci\u00f3n importante sobre el tratamiento de sus datos personales y los derechos que le reconoce la normativa vigente en la materia. Nos reservamos el derecho de actualizar nuestra pol\u00edtica de privacidad en cualquier momento con motivo de decisiones [&hellip;]<\/p>\n","protected":false},"author":1,"featured_media":0,"parent":0,"menu_order":0,"comment_status":"closed","ping_status":"closed","template":"elementor_header_footer","meta":{"footnotes":""},"class_list":["post-1853","page","type-page","status-publish","hentry"],"yoast_head":"<!-- This site is optimized with the Yoast SEO plugin v27.5 - https:\/\/yoast.com\/product\/yoast-seo-wordpress\/ -->\n<title>Pol\u00edtica de privacidad | Hotel Oleum And\u00fajar<\/title>\n<meta name=\"robots\" content=\"noindex, follow\" \/>\n<meta property=\"og:locale\" content=\"en_US\" \/>\n<meta property=\"og:type\" content=\"article\" \/>\n<meta property=\"og:title\" content=\"Pol\u00edtica de privacidad | Hotel Oleum And\u00fajar\" \/>\n<meta property=\"og:description\" content=\"Esta pol\u00edtica de privacidad se aplica a la web www.oleumhotel.com Por favor, l\u00e9ala detenidamente. En ella encontrar\u00e1 informaci\u00f3n importante sobre el tratamiento de sus datos personales y los derechos que le reconoce la normativa vigente en la materia. Nos reservamos el derecho de actualizar nuestra pol\u00edtica de privacidad en cualquier momento con motivo de decisiones [&hellip;]\" \/>\n<meta property=\"og:url\" content=\"https:\/\/www.hoteloleumandujar.com\/en\/politica-de-privacidad\/\" \/>\n<meta property=\"og:site_name\" content=\"Hotel Oleum And\u00fajar\" \/>\n<meta property=\"article:modified_time\" content=\"2024-07-22T16:03:14+00:00\" \/>\n<meta name=\"twitter:card\" content=\"summary_large_image\" \/>\n<meta name=\"twitter:label1\" content=\"Est. reading time\" \/>\n\t<meta name=\"twitter:data1\" content=\"5 minutes\" \/>\n<script type=\"application\/ld+json\" class=\"yoast-schema-graph\">{\"@context\":\"https:\\\/\\\/schema.org\",\"@graph\":[{\"@type\":\"WebPage\",\"@id\":\"https:\\\/\\\/www.hoteloleumandujar.com\\\/en\\\/politica-de-privacidad\\\/\",\"url\":\"https:\\\/\\\/www.hoteloleumandujar.com\\\/en\\\/politica-de-privacidad\\\/\",\"name\":\"Pol\u00edtica de privacidad | Hotel Oleum And\u00fajar\",\"isPartOf\":{\"@id\":\"https:\\\/\\\/www.hoteloleumandujar.com\\\/en\\\/#website\"},\"datePublished\":\"2022-03-28T15:10:10+00:00\",\"dateModified\":\"2024-07-22T16:03:14+00:00\",\"breadcrumb\":{\"@id\":\"https:\\\/\\\/www.hoteloleumandujar.com\\\/en\\\/politica-de-privacidad\\\/#breadcrumb\"},\"inLanguage\":\"en-US\",\"potentialAction\":[{\"@type\":\"ReadAction\",\"target\":[\"https:\\\/\\\/www.hoteloleumandujar.com\\\/en\\\/politica-de-privacidad\\\/\"]}]},{\"@type\":\"BreadcrumbList\",\"@id\":\"https:\\\/\\\/www.hoteloleumandujar.com\\\/en\\\/politica-de-privacidad\\\/#breadcrumb\",\"itemListElement\":[{\"@type\":\"ListItem\",\"position\":1,\"name\":\"Portada\",\"item\":\"https:\\\/\\\/www.hoteloleumandujar.com\\\/en\\\/\"},{\"@type\":\"ListItem\",\"position\":2,\"name\":\"Pol\u00edtica de privacidad\"}]},{\"@type\":\"WebSite\",\"@id\":\"https:\\\/\\\/www.hoteloleumandujar.com\\\/en\\\/#website\",\"url\":\"https:\\\/\\\/www.hoteloleumandujar.com\\\/en\\\/\",\"name\":\"Hotel Oleum And\u00fajar\",\"description\":\"Hotel con encanto en el coraz\u00f3n de Andujar\",\"publisher\":{\"@id\":\"https:\\\/\\\/www.hoteloleumandujar.com\\\/en\\\/#organization\"},\"potentialAction\":[{\"@type\":\"SearchAction\",\"target\":{\"@type\":\"EntryPoint\",\"urlTemplate\":\"https:\\\/\\\/www.hoteloleumandujar.com\\\/en\\\/?s={search_term_string}\"},\"query-input\":{\"@type\":\"PropertyValueSpecification\",\"valueRequired\":true,\"valueName\":\"search_term_string\"}}],\"inLanguage\":\"en-US\"},{\"@type\":\"Organization\",\"@id\":\"https:\\\/\\\/www.hoteloleumandujar.com\\\/en\\\/#organization\",\"name\":\"Hotel Oleum Andujar\",\"url\":\"https:\\\/\\\/www.hoteloleumandujar.com\\\/en\\\/\",\"logo\":{\"@type\":\"ImageObject\",\"inLanguage\":\"en-US\",\"@id\":\"https:\\\/\\\/www.hoteloleumandujar.com\\\/en\\\/#\\\/schema\\\/logo\\\/image\\\/\",\"url\":\"https:\\\/\\\/www.hoteloleumandujar.com\\\/wp-content\\\/uploads\\\/2022\\\/04\\\/Logo-Hotel-Oleum-Andujar.jpg\",\"contentUrl\":\"https:\\\/\\\/www.hoteloleumandujar.com\\\/wp-content\\\/uploads\\\/2022\\\/04\\\/Logo-Hotel-Oleum-Andujar.jpg\",\"width\":1532,\"height\":1532,\"caption\":\"Hotel Oleum Andujar\"},\"image\":{\"@id\":\"https:\\\/\\\/www.hoteloleumandujar.com\\\/en\\\/#\\\/schema\\\/logo\\\/image\\\/\"}}]}<\/script>\n<!-- \/ Yoast SEO plugin. -->","yoast_head_json":{"title":"Pol\u00edtica de privacidad | Hotel Oleum And\u00fajar","robots":{"index":"noindex","follow":"follow"},"og_locale":"en_US","og_type":"article","og_title":"Pol\u00edtica de privacidad | Hotel Oleum And\u00fajar","og_description":"Esta pol\u00edtica de privacidad se aplica a la web www.oleumhotel.com Por favor, l\u00e9ala detenidamente. En ella encontrar\u00e1 informaci\u00f3n importante sobre el tratamiento de sus datos personales y los derechos que le reconoce la normativa vigente en la materia. Nos reservamos el derecho de actualizar nuestra pol\u00edtica de privacidad en cualquier momento con motivo de decisiones [&hellip;]","og_url":"https:\/\/www.hoteloleumandujar.com\/en\/politica-de-privacidad\/","og_site_name":"Hotel Oleum And\u00fajar","article_modified_time":"2024-07-22T16:03:14+00:00","twitter_card":"summary_large_image","twitter_misc":{"Est. reading time":"5 minutes"},"schema":{"@context":"https:\/\/schema.org","@graph":[{"@type":"WebPage","@id":"https:\/\/www.hoteloleumandujar.com\/en\/politica-de-privacidad\/","url":"https:\/\/www.hoteloleumandujar.com\/en\/politica-de-privacidad\/","name":"Pol\u00edtica de privacidad | Hotel Oleum And\u00fajar","isPartOf":{"@id":"https:\/\/www.hoteloleumandujar.com\/en\/#website"},"datePublished":"2022-03-28T15:10:10+00:00","dateModified":"2024-07-22T16:03:14+00:00","breadcrumb":{"@id":"https:\/\/www.hoteloleumandujar.com\/en\/politica-de-privacidad\/#breadcrumb"},"inLanguage":"en-US","potentialAction":[{"@type":"ReadAction","target":["https:\/\/www.hoteloleumandujar.com\/en\/politica-de-privacidad\/"]}]},{"@type":"BreadcrumbList","@id":"https:\/\/www.hoteloleumandujar.com\/en\/politica-de-privacidad\/#breadcrumb","itemListElement":[{"@type":"ListItem","position":1,"name":"Portada","item":"https:\/\/www.hoteloleumandujar.com\/en\/"},{"@type":"ListItem","position":2,"name":"Pol\u00edtica de privacidad"}]},{"@type":"WebSite","@id":"https:\/\/www.hoteloleumandujar.com\/en\/#website","url":"https:\/\/www.hoteloleumandujar.com\/en\/","name":"Hotel Oleum And\u00fajar","description":"Hotel con encanto en el coraz\u00f3n de Andujar","publisher":{"@id":"https:\/\/www.hoteloleumandujar.com\/en\/#organization"},"potentialAction":[{"@type":"SearchAction","target":{"@type":"EntryPoint","urlTemplate":"https:\/\/www.hoteloleumandujar.com\/en\/?s={search_term_string}"},"query-input":{"@type":"PropertyValueSpecification","valueRequired":true,"valueName":"search_term_string"}}],"inLanguage":"en-US"},{"@type":"Organization","@id":"https:\/\/www.hoteloleumandujar.com\/en\/#organization","name":"Hotel Oleum Andujar","url":"https:\/\/www.hoteloleumandujar.com\/en\/","logo":{"@type":"ImageObject","inLanguage":"en-US","@id":"https:\/\/www.hoteloleumandujar.com\/en\/#\/schema\/logo\/image\/","url":"https:\/\/www.hoteloleumandujar.com\/wp-content\/uploads\/2022\/04\/Logo-Hotel-Oleum-Andujar.jpg","contentUrl":"https:\/\/www.hoteloleumandujar.com\/wp-content\/uploads\/2022\/04\/Logo-Hotel-Oleum-Andujar.jpg","width":1532,"height":1532,"caption":"Hotel Oleum Andujar"},"image":{"@id":"https:\/\/www.hoteloleumandujar.com\/en\/#\/schema\/logo\/image\/"}}]}},"_links":{"self":[{"href":"https:\/\/www.hoteloleumandujar.com\/en\/wp-json\/wp\/v2\/pages\/1853","targetHints":{"allow":["GET"]}}],"collection":[{"href":"https:\/\/www.hoteloleumandujar.com\/en\/wp-json\/wp\/v2\/pages"}],"about":[{"href":"https:\/\/www.hoteloleumandujar.com\/en\/wp-json\/wp\/v2\/types\/page"}],"author":[{"embeddable":true,"href":"https:\/\/www.hoteloleumandujar.com\/en\/wp-json\/wp\/v2\/users\/1"}],"replies":[{"embeddable":true,"href":"https:\/\/www.hoteloleumandujar.com\/en\/wp-json\/wp\/v2\/comments?post=1853"}],"version-history":[{"count":4,"href":"https:\/\/www.hoteloleumandujar.com\/en\/wp-json\/wp\/v2\/pages\/1853\/revisions"}],"predecessor-version":[{"id":2013,"href":"https:\/\/www.hoteloleumandujar.com\/en\/wp-json\/wp\/v2\/pages\/1853\/revisions\/2013"}],"wp:attachment":[{"href":"https:\/\/www.hoteloleumandujar.com\/en\/wp-json\/wp\/v2\/media?parent=1853"}],"curies":[{"name":"wp","href":"https:\/\/api.w.org\/{rel}","templated":true}]}}